{"id":942,"date":"2019-11-21T08:48:33","date_gmt":"2019-11-21T07:48:33","guid":{"rendered":"https:\/\/www.reindl-hh.at\/ordination\/?page_id=942"},"modified":"2025-02-28T10:06:17","modified_gmt":"2025-02-28T09:06:17","slug":"impressum","status":"publish","type":"page","link":"https:\/\/www.reindl-hh.at\/ordination\/impressum\/","title":{"rendered":"Impressum"},"content":{"rendered":"<div class=\"fusion-fullwidth fullwidth-box fusion-builder-row-1 nonhundred-percent-fullwidth non-hundred-percent-height-scrolling\" style=\"--awb-background-position:left top;--awb-border-sizes-top:0px;--awb-border-sizes-bottom:0px;--awb-border-sizes-left:0px;--awb-border-sizes-right:0px;--awb-border-radius-top-left:0px;--awb-border-radius-top-right:0px;--awb-border-radius-bottom-right:0px;--awb-border-radius-bottom-left:0px;--awb-padding-top:10px;--awb-padding-bottom:30px;--awb-flex-wrap:wrap;\" ><div class=\"fusion-builder-row fusion-row\"><div class=\"fusion-layout-column fusion_builder_column fusion-builder-column-0 fusion_builder_column_1_1 1_1 fusion-one-full fusion-column-first fusion-column-last fusion-column-no-min-height\" style=\"--awb-bg-size:cover;--awb-margin-bottom:0px;\"><div class=\"fusion-column-wrapper fusion-flex-column-wrapper-legacy\"><div class=\"fusion-title title fusion-title-1 fusion-sep-none fusion-title-text fusion-title-size-one\" style=\"--awb-margin-top-small:0px;--awb-margin-right-small:0px;--awb-margin-bottom-small:20px;--awb-margin-left-small:0px;\"><h1 class=\"fusion-title-heading title-heading-left fusion-responsive-typography-calculated\" style=\"margin:0;--fontSize:34;line-height:1.33;\">Impressum<\/h1><\/div><div class=\"fusion-text fusion-text-1\"><p><strong>Frau MR Dr. Hermine Reindl LL.M. (medical law), FA f\u00fcr Neurologie und Psychiatrie<br \/>\nHerr Mag. phil. Dr. h. c. Hubert Reindl LL.M. (medical law)<\/strong><\/p>\n<p>Falkstra\u00dfe 33 &#8211; Villa Reindl &#8211; A-6020 Innsbruck<br \/>\nTel.: +43 512 57 60 08<br \/>\nFax: +43 512 57 60 08 51<br \/>\nE-Mail: reindl.hh@aon.at<\/p>\n<\/div><div class=\"fusion-text fusion-text-2\"><p>Informationspflicht lt. \u00a75 Abs. 1 E-Commerce- und Mediengesetz (ECG)<\/p>\n<p>Wir distanzieren uns hiermit ausdr\u00fccklich von allen Inhalten aller gelinkten Seiten unseres Internetauftritts und machen uns diese Inhalte nicht zu Eigen. Sollten wir unbeabsichtigter Weise irgendwelche Copyright- oder Urheber-Rechte verletzt haben, so bitten wir darum, uns diese raschestm\u00f6glich mitzuteilen, damit die betroffenen Links, Texte oder Bilder von uns entfernt werden k\u00f6nnen. Das Kopieren aller unserer Texte (inkl. Quelltext) und Fotos auf unseren Seiten ist ohne unsere Genehmigung nicht gestattet.<\/p>\n<h4>Grafik, Konzeption und Umsetzung<\/h4>\n<p>WHAT YOU NEED Marketing<br \/>\nA \u2013 6020 Innsbruck<br \/>\n<a href=\"mailto:info@whatyouneed.at\" target=\"_blank\" rel=\"noopener noreferrer\">info@whatyouneed.at<\/a><br \/>\n<a href=\"http:\/\/www.whatyouneed.at\/\" target=\"_blank\" rel=\"noopener noreferrer\">www.whatyouneed.at<\/a><\/p>\n<h4>Bildnachweis<\/h4>\n<ul>\n<li>Fotoarchiv Reindl<\/li>\n<li>Fotoarchiv WHAT YOU NEED Marketing<\/li>\n<li>Shutterstock<\/li>\n<li>Adobe Stock<\/li>\n<\/ul>\n<h4>Online-Streitbeilegung<\/h4>\n<p>Informationen zur Online-Streitbeilegung gem\u00e4\u00df Art. 14. Abs. 1 ODR-VO:<\/p>\n<p>Die EU-Kommission bietet die M\u00f6glichkeit zur Online-Streitbeilegung auf einer von ihr betriebenen Plattform (sog. \u201eOS-Plattform\u201c). Die OS-Plattform kann als Anlaufstelle zur au\u00dfergerichtlichen Beilegung von Streitigkeiten aus Online-Kaufvertr\u00e4gen oder Dienstleistungsvertr\u00e4gen dienen. Diese Plattform ist \u00fcber den externen Link <a href=\"http:\/\/ec.europa.eu\/consumers\/\" target=\"_blank\" rel=\"noopener noreferrer\">Online-Streitbeilegung<\/a> \u2013 http:\/\/ec.europa.eu\/consumers\/ zu erreichen.<\/p>\n<h4>Urheberrecht<\/h4>\n<p>Layout und Gestaltung des Angebots insgesamt sowie seiner einzelnen Elemente wie Logos, Fotos, Wappen usw. sind urheberrechtlich gesch\u00fctzt und d\u00fcrfen nur nach R\u00fccksprache mit dem Betreiber der Internetplattform verwendet werden. Gleiches gilt f\u00fcr die redaktionellen Beitr\u00e4ge im Einzelnen sowie ihre Auswahl und Zusammenstellung; Ver\u00e4nderungen daran d\u00fcrfen nicht vorgenommen werden. Eine \u00f6ffentliche Verwendung des Angebots darf nur mit Zustimmung des Betreibers der Internetplattform erfolgen.<\/p>\n<h4>Haftung<\/h4>\n<p>Die auf www.reindl-hh.at ver\u00f6ffentlichten Inhalte sind mit gr\u00f6\u00dfter Sorgfalt recherchiert, die technischen Services bestm\u00f6glich programmiert. Dennoch kann der Betreiber keine Gew\u00e4hr f\u00fcr die vollst\u00e4ndige Richtigkeit \u00fcbernehmen. Alle Angaben erfolgen ohne Gew\u00e4hr. Eine Haftung f\u00fcr Sch\u00e4den, die sich aus der Verwendung der in www.reindl-hh.at ver\u00f6ffentlichten Inhalte oder Services ergeben, ist ausgeschlossen. Unser Angebot enth\u00e4lt Links zu externen Webseiten Dritter, auf deren Inhalte wir keinen Einfluss haben. Deshalb k\u00f6nnen wir f\u00fcr diese fremden Inhalte auch keine Gew\u00e4hr \u00fcbernehmen. F\u00fcr die Inhalte der verlinkten Seiten ist stets der jeweilige Anbieter oder Betreiber der Seiten verantwortlich. Die verlinkten Seiten wurden zum Zeitpunkt der Verlinkung auf m\u00f6gliche Rechtsverst\u00f6\u00dfe \u00fcberpr\u00fcft. Rechtswidrige Inhalte waren zum Zeitpunkt der Verlinkung nicht erkennbar.<\/p>\n<h4>Gender-Hinweis<\/h4>\n<p>Wir legen gro\u00dfen Wert auf Gleichbehandlung. Im Sinne einer besseren Lesbarkeit der Texte wurde von uns entweder die m\u00e4nnliche oder weibliche Form von personenbezogenen Hauptw\u00f6rtern gew\u00e4hlt. Dies impliziert keinesfalls eine Benachteiligung des jeweils anderen Geschlechts. Frauen und M\u00e4nner m\u00f6gen sich von den Inhalten unserer Website gleicherma\u00dfen angesprochen f\u00fchlen. Wir danken f\u00fcr Ihr Verst\u00e4ndnis!<\/p>\n<h4>Datenschutzerkl\u00e4rung<\/h4>\n<p>Diese Datenschutzerkl\u00e4rung kl\u00e4rt Nutzer \u00fcber die Art, den Umfang und Zwecke der Erhebung und Verwendung personenbezogener Daten durch diese Website auf. Die rechtlichen Grundlagen des Datenschutzes finden sich im \u00d6sterreichischen Telekommunikationsgesetz (TKG) und Datenschutzgesetz (DSG).<\/p>\n<h4>Privacy<\/h4>\n<p>Die Daten werden in schriftlicher Form und\/oder mit magnetischer\/elektronischer Hilfe und unter Einhaltung aller Sicherheitsma\u00dfnahmen, die deren Sicherheit und Geheimhaltung gew\u00e4hrleisten, behandelt. Inhaber der Datenverarbeitung ist die Firma\/Ordination Reindl. Der Betroffene kann seine Daten jederzeit kontrollieren, berichtigen, erg\u00e4nzen oder l\u00f6schen, indem er an Firma\/Ordination Reindl, oder an reindl-hh@aon.at schreibt.<\/p>\n<h4>Warum erfasst <strong>Firma\/Ordination Reindl <\/strong>pers\u00f6nliche Daten?<\/h4>\n<p>Die Firma\/Ordination Reindl erfasst und verwendet Ihre pers\u00f6nlichen Daten, um Ihnen einen vorbildlichen Kundenservice zu bieten, einen bequemen Zugriff auf unsere Website zu erm\u00f6glichen und ein optimales Leistungsangebot zu unterbreiten. Dar\u00fcber hinaus hilft Firma\/Ordination Reindl Ihre pers\u00f6nlichen Daten dabei, Sie \u00fcber die neuesten Produktank\u00fcndigungen und sonstige Entwicklungen auf dem Laufenden zu halten, die nach unserer Einsch\u00e4tzung f\u00fcr Sie interessant sein k\u00f6nnten. Wenn Sie kein Interesse daran haben, \u00fcber die neuesten Entwicklungen sowie aktuellen Produkt- und Service-Informationen auf dem Laufenden gehalten zu werden, k\u00f6nnen Sie uns dies jederzeit mitteilen.<\/p>\n<h4>Welche Daten werden erfasst?<\/h4>\n<p>Es gibt eine Reihe von Situationen, in denen die Firma\/Ordination Reindl Ihre pers\u00f6nlichen Daten dabei helfen k\u00f6nnen, Ihnen einen besseren Service zu bieten. So k\u00f6nnten Sie beispielsweise um pers\u00f6nliche Angaben gebeten werden, wenn Sie eine Transaktion starten. Es werden von Ihnen stets nur solche Ausk\u00fcnfte erbeten, die f\u00fcr die jeweilige Situation relevant sind. Hierzu geh\u00f6ren beispielsweise Name, Postanschrift, Telefonnummer, E-Mail-Adresse und bevorzugte Methode der Kontaktaufnahme. Dar\u00fcber hinaus erfasst die Firma\/Ordination Reindl Informationen zu Marktforschungszwecken, um unsere Kunden besser kennen zu lernen und Ihnen dadurch einen effektiveren Service bieten zu k\u00f6nnen. Des Weiteren erfasst die Firma\/Ordination Reindl Daten zu den Kundenaktivit\u00e4ten auf unserer Website. Anhand dieser Daten kann Firma\/Ordination Reindl ermitteln, welche Informationen f\u00fcr unsere Kunden wirklich n\u00fctzlich sind und welche Bereiche unserer Websites und Internet-Services sie am meisten interessieren.<\/p>\n<h4>Wann gibt die Firma\/Ordination Reindl pers\u00f6nliche Daten weiter?<\/h4>\n<p>Die Firma\/Ordination Reindl nimmt den Schutz Ihrer Pers\u00f6nlichkeitsrechte sehr ernst. Die Firma\/Ordination Reindl versichert Ihnen, dass die Firma\/Ordination Reindl Ihre Kontaktinformationen an andere Anbieter weder verkauft noch verleiht. Um Ihnen einen vorbildlichen Service bieten zu k\u00f6nnen, gibt die Firma\/Ordination Reindl Ihre pers\u00f6nlichen Daten unter Umst\u00e4nden an juristische Personen weiter, die jedoch verpflichtet sind, diese Daten im Einklang mit der Datenschutzerkl\u00e4rung zu sch\u00fctzen. Mitunter kann es f\u00fcr die Firma\/Ordination Reindl von Vorteil sein, bestimmte pers\u00f6nliche Daten von Ihnen anderen Unternehmen zur Verf\u00fcgung zu stellen, mit denen die Firma\/Ordination Reindl eine strategische Partnerschaft eingegangen sind oder die f\u00fcr die Firma\/Ordination Reindl t\u00e4tig sind, um Ihnen in unserem Namen Produkte und Leistungen zu liefern. Diese Unternehmen k\u00f6nnen uns dabei helfen, Informationen zu verarbeiten, Kredite zu gew\u00e4hren, Kundenbestellungen auszuf\u00fchren, Produkte an Sie zu liefern, Kundendaten zu verwalten und zu pflegen, einen Kundendienst zur Verf\u00fcgung zu stellen, Ihr Interesse an unseren Produkten und Leistungen zu bewerten, Kundenforschung zu betreiben oder Umfragen zur Kundenzufriedenheit durchzuf\u00fchren. Auch diese Unternehmen sind verpflichtet, Ihre pers\u00f6nlichen Daten im Einklang mit unserer Datenschutzerkl\u00e4rung zum Schutz der Pers\u00f6nlichkeitsrechte zu sch\u00fctzen. Mitunter kann die Firma\/Ordination Reindl von gesetzlichen Bestimmungen oder Rechtsvorg\u00e4ngen gezwungen sein, Ihre pers\u00f6nlichen Daten offen zu legen.<\/p>\n<h4>Wie sch\u00fctzt die Firma\/Ordination Reindl Ihre pers\u00f6nlichen Daten?<\/h4>\n<p>Die Firma\/Ordination Reindl ergreift Vorsichtsma\u00dfnahmen, einschlie\u00dflich verwaltungstechnischer, elektronischer und physischer Verfahren, um Ihre pers\u00f6nlichen Daten vor Verlust, Diebstahl und Missbrauch sowie vor unbefugtem Zugriff, Weitergabe, \u00c4nderung und Zerst\u00f6rung zu sch\u00fctzen. Die Website verwendet an manchen Stellen zur Verschl\u00fcsselung den Industriestandard SSL (Secure Sockets Layer). Dadurch wird die Vertraulichkeit Ihrer pers\u00f6nlichen Angaben \u00fcber das Internet gew\u00e4hrleistet. Auch Sie selbst k\u00f6nnen uns helfen und durch entsprechende Vorsichtsma\u00dfnahmen zum Schutz Ihrer pers\u00f6nlichen Daten im Internet beitragen. \u00c4ndern Sie h\u00e4ufig Ihr Kennwort. Verwenden Sie dabei eine Kombination aus Buchstaben und Zahlen und achten Sie darauf, stets einen sicheren Web-Browser zu verwenden.<\/p>\n<h4>Integrit\u00e4t Ihrer pers\u00f6nlichen Daten<\/h4>\n<p>Die Firma\/Ordination Reindl hat Schutzma\u00dfnahmen ergriffen, um zu gew\u00e4hrleisten, dass Ihre pers\u00f6nlichen Daten f\u00fcr die beabsichtigten Verwendungszwecke stets richtig, vollst\u00e4ndig und auf dem neuesten Stand sind. Selbstverst\u00e4ndlich haben Sie jederzeit das Recht, auf die von Ihnen bereitgestellten pers\u00f6nlichen Daten zu \u00e4ndern. Sie k\u00f6nnen uns dabei helfen, daf\u00fcr zu sorgen, dass Ihre Kontaktinformationen und Voreinstellungen richtig, vollst\u00e4ndig und auf dem neuesten Stand sind. Sie k\u00f6nnen auch eine Kopie Ihrer pers\u00f6nlichen Daten anfordern, indem Sie \u00fcber die weiter unten genannte E-Mail-Adresse Kontakt mit uns aufnehmen.<\/p>\n<h4>Cookies und andere Technologien<\/h4>\n<p>Damit w\u00e4hrend Ihres Besuchs alle Funktionen bestm\u00f6glich ausgef\u00fchrt werden, verwendet diese Website Cookies. Wenn Ihnen keine dauerhaften Cookies zugesendet werden sollen, stellen Sie Ihren Computer bitte dementsprechend ein. Mit Ihrer weiteren Nutzung der Website stimmen Sie der Verwendung von Cookies auf dieser Website implizit zu.<\/p>\n<h4>Unser unternehmensweites Engagement zum Schutz Ihrer Pers\u00f6nlichkeitsrechte<\/h4>\n<p>Wie bereits erw\u00e4hnt, nimmt die Firma\/Ordination Reindl den Schutz Ihrer Pers\u00f6nlichkeitsrechte sehr ernst. Damit die Sicherheit Ihrer pers\u00f6nlichen Daten gew\u00e4hrleistet ist, werden die vorliegenden Richtlinien an alle Mitarbeiter weitergegeben und Sicherheitsvorkehrungen zum Schutz der Pers\u00f6nlichkeitsrechte innerhalb des Unternehmens streng umgesetzt.<br \/>\nDie Website enth\u00e4lt Links zu Websites anderer Unternehmen. F\u00fcr den Umgang dieser Unternehmen mit Pers\u00f6nlichkeitsrechten ist die Firma\/Ordination Reindl nicht verantwortlich. Die Firma\/Ordination Reindl empfiehlt Ihnen daher, sich bei diesen Unternehmen nach deren Datenschutzerkl\u00e4rung zu erkundigen.<\/p>\n<h4>Fragen zum Schutz der Pers\u00f6nlichkeitsrechte<\/h4>\n<p>Wenn Sie Fragen oder Bedenken zur Datenschutzerkl\u00e4rung haben, nehmen Sie bitte Kontakt mit uns auf. Senden Sie uns dazu eine Nachricht (Kontaktdaten siehe oben). Selbstverst\u00e4ndlich k\u00f6nnen Sie bei der Firma\/Ordination Reindl erfragen, welche Daten von der Firma\/Ordination Reindl \u00fcber Sie verarbeitet werden, woher diese Daten stammen, wozu sie verwendet und an wen sie \u00fcbermittelt werden. Ebenfalls k\u00f6nnen Sie nat\u00fcrlich falsche Daten richtig stellen bzw. unzul\u00e4ssigerweise verarbeitete Daten l\u00f6schen lassen. Es gelten die Bestimmungen des Datenschutzgesetz.<br \/>\nDie Firma\/Ordination Reindl ist berechtigt, die Datenschutzerkl\u00e4rung von Zeit zu Zeit zu \u00e4ndern. Werden wesentliche \u00c4nderungen vorgenommen, wird eine entsprechende Mitteilung zusammen mit der aktualisierten Version der Datenschutzerkl\u00e4rung auf unserer Website ver\u00f6ffentlicht.<\/p>\n<h4>Verwendung von Google Analytics &amp; Remarketing<\/h4>\n<p>Diese Website benutzt Google Analytics, einen Webanalysedienst der Google Inc. (\u201eGoogle\u201c). Google Analytics verwendet sog. \u201eCookies\u201c, Textdateien, die auf Ihrem Computer gespeichert werden und die eine Analyse der Benutzung der Website durch Sie erm\u00f6glichen. Die durch den Cookie erzeugten Informationen \u00fcber Ihre Benutzung dieser Website (einschlie\u00dflich Ihrer IP-Adresse) wird an einen Server von Google in den USA \u00fcbertragen und dort gespeichert. Google wird diese Informationen benutzen, um Ihre Nutzung der Website auszuwerten, um Reports \u00fcber die Websiteaktivit\u00e4ten f\u00fcr die Websitebetreiber zusammenzustellen und um weitere mit der Websitenutzung und der Internetnutzung verbundene Dienstleistungen zu erbringen. Auch wird Google diese Informationen gegebenenfalls an Dritte \u00fcbertragen, sofern dies gesetzlich vorgeschrieben ist oder soweit Dritte diese Daten im Auftrag von Google verarbeiten. Google wird in keinem Fall Ihre IP-Adresse mit anderen Daten von Google in Verbindung bringen. Sie k\u00f6nnen die Installation der Cookies durch eine entsprechende Einstellung Ihrer Browser-Software verhindern; wir weisen Sie jedoch darauf hin, dass Sie in diesem Fall gegebenenfalls nicht s\u00e4mtliche Funktionen dieser Website vollumf\u00e4nglich nutzen k\u00f6nnen. Durch die Nutzung dieser Website erkl\u00e4ren Sie sich mit der Bearbeitung der \u00fcber Sie erhobenen Daten durch Google in der zuvor beschriebenen Art und Weise und zu dem zuvor benannten Zweck einverstanden. Weitergehende Informationen erhalten Sie auch unter: <a href=\"http:\/\/www.google.com\/intl\/de\/privacypolicy.html\" target=\"_blank\" rel=\"noopener noreferrer\">http:\/\/www.google.com\/intl\/de\/privacypolicy.html<\/a><\/p>\n<h4>Behindertengleichstellung<\/h4>\n<p>Diese Website ist leider f\u00fcr Personen mit k\u00f6rperlichen Einschr\u00e4nkungen wie zum Beispiel Sehen, H\u00f6ren oder Motorik nicht vollst\u00e4ndig funktionsf\u00e4hig. Wir entschuldigen diesen Umstand und sind gerne bereit hier \u00fcber andere Kan\u00e4le meine Dienstleistungen zu erl\u00e4utern. Gerne verweisen wir an dieser Stelle auf die <a href=\"https:\/\/www.sozialministeriumservice.at\/site\/Behindertengleichstellung\/Schlichtung\" target=\"_blank\" rel=\"noopener noreferrer\">Schlichtungsstelle f\u00fcr Behindertengleichstellung<\/a> des Sozialministeriums der Republik \u00d6sterreich. ver\u00f6ffentlichten Inhalte oder Services ergeben, ist ausgeschlossen.<br \/>\nUnser Angebot enth\u00e4lt Links zu externen Webseiten Dritter, auf deren Inhalte wir keinen Einfluss haben. Deshalb k\u00f6nnen wir f\u00fcr diese fremden Inhalte auch keine Gew\u00e4hr \u00fcbernehmen. F\u00fcr die Inhalte der verlinkten Seiten ist stets der jeweilige Anbieter oder Betreiber der Seiten verantwortlich. Die verlinkten Seiten wurden zum Zeitpunkt der Verlinkung auf m\u00f6gliche Rechtsverst\u00f6\u00dfe \u00fcberpr\u00fcft. Rechtswidrige Inhalte waren zum Zeitpunkt der Verlinkung nicht erkennbar.<\/p>\n<\/div><div class=\"fusion-clearfix\"><\/div><\/div><\/div><\/div><\/div>\n","protected":false},"excerpt":{"rendered":"","protected":false},"author":3,"featured_media":0,"parent":0,"menu_order":0,"comment_status":"closed","ping_status":"open","template":"","meta":{"footnotes":""},"class_list":["post-942","page","type-page","status-publish","hentry"],"yoast_head":"<!-- This site is optimized with the Yoast SEO plugin v27.2 - https:\/\/yoast.com\/product\/yoast-seo-wordpress\/ -->\n<title>Impressum - Ordination Dr. Hermine Reindl<\/title>\n<meta name=\"robots\" content=\"index, follow, max-snippet:-1, max-image-preview:large, max-video-preview:-1\" \/>\n<link rel=\"canonical\" href=\"https:\/\/www.reindl-hh.at\/ordination\/impressum\/\" \/>\n<meta property=\"og:locale\" content=\"de_DE\" \/>\n<meta property=\"og:type\" content=\"article\" \/>\n<meta property=\"og:title\" content=\"Impressum - Ordination Dr. Hermine Reindl\" \/>\n<meta property=\"og:url\" content=\"https:\/\/www.reindl-hh.at\/ordination\/impressum\/\" \/>\n<meta property=\"og:site_name\" content=\"Ordination Dr. Hermine Reindl\" \/>\n<meta property=\"article:modified_time\" content=\"2025-02-28T09:06:17+00:00\" \/>\n<meta name=\"twitter:card\" content=\"summary_large_image\" \/>\n<meta name=\"twitter:label1\" content=\"Gesch\u00e4tzte Lesezeit\" \/>\n\t<meta name=\"twitter:data1\" content=\"10\u00a0Minuten\" \/>\n<script type=\"application\/ld+json\" class=\"yoast-schema-graph\">{\"@context\":\"https:\/\/schema.org\",\"@graph\":[{\"@type\":\"WebPage\",\"@id\":\"https:\/\/www.reindl-hh.at\/ordination\/impressum\/\",\"url\":\"https:\/\/www.reindl-hh.at\/ordination\/impressum\/\",\"name\":\"Impressum - Ordination Dr. Hermine Reindl\",\"isPartOf\":{\"@id\":\"https:\/\/www.reindl-hh.at\/ordination\/#website\"},\"datePublished\":\"2019-11-21T07:48:33+00:00\",\"dateModified\":\"2025-02-28T09:06:17+00:00\",\"breadcrumb\":{\"@id\":\"https:\/\/www.reindl-hh.at\/ordination\/impressum\/#breadcrumb\"},\"inLanguage\":\"de\",\"potentialAction\":[{\"@type\":\"ReadAction\",\"target\":[\"https:\/\/www.reindl-hh.at\/ordination\/impressum\/\"]}]},{\"@type\":\"BreadcrumbList\",\"@id\":\"https:\/\/www.reindl-hh.at\/ordination\/impressum\/#breadcrumb\",\"itemListElement\":[{\"@type\":\"ListItem\",\"position\":1,\"name\":\"Startseite\",\"item\":\"https:\/\/www.reindl-hh.at\/ordination\/\"},{\"@type\":\"ListItem\",\"position\":2,\"name\":\"Impressum\"}]},{\"@type\":\"WebSite\",\"@id\":\"https:\/\/www.reindl-hh.at\/ordination\/#website\",\"url\":\"https:\/\/www.reindl-hh.at\/ordination\/\",\"name\":\"Ordination Dr. Hermine Reindl\",\"description\":\"Eine weitere WordPress-Website\",\"publisher\":{\"@id\":\"https:\/\/www.reindl-hh.at\/ordination\/#organization\"},\"potentialAction\":[{\"@type\":\"SearchAction\",\"target\":{\"@type\":\"EntryPoint\",\"urlTemplate\":\"https:\/\/www.reindl-hh.at\/ordination\/?s={search_term_string}\"},\"query-input\":{\"@type\":\"PropertyValueSpecification\",\"valueRequired\":true,\"valueName\":\"search_term_string\"}}],\"inLanguage\":\"de\"},{\"@type\":\"Organization\",\"@id\":\"https:\/\/www.reindl-hh.at\/ordination\/#organization\",\"name\":\"Ordination Dr. Reindl FA f\u00fcr Neurologie und Psychiatrie\",\"url\":\"https:\/\/www.reindl-hh.at\/ordination\/\",\"logo\":{\"@type\":\"ImageObject\",\"inLanguage\":\"de\",\"@id\":\"https:\/\/www.reindl-hh.at\/ordination\/#\/schema\/logo\/image\/\",\"url\":\"https:\/\/www.reindl-hh.at\/ordination\/wp-content\/uploads\/2019\/09\/Logo-Ordination-Dr-Hermine-Reindl-Facharzt-f\u00fcr-Neurologie-und-Psychiatrie-Innsbruck-1.png\",\"contentUrl\":\"https:\/\/www.reindl-hh.at\/ordination\/wp-content\/uploads\/2019\/09\/Logo-Ordination-Dr-Hermine-Reindl-Facharzt-f\u00fcr-Neurologie-und-Psychiatrie-Innsbruck-1.png\",\"width\":649,\"height\":100,\"caption\":\"Ordination Dr. Reindl FA f\u00fcr Neurologie und Psychiatrie\"},\"image\":{\"@id\":\"https:\/\/www.reindl-hh.at\/ordination\/#\/schema\/logo\/image\/\"}}]}<\/script>\n<!-- \/ Yoast SEO plugin. -->","yoast_head_json":{"title":"Impressum - Ordination Dr. Hermine Reindl","robots":{"index":"index","follow":"follow","max-snippet":"max-snippet:-1","max-image-preview":"max-image-preview:large","max-video-preview":"max-video-preview:-1"},"canonical":"https:\/\/www.reindl-hh.at\/ordination\/impressum\/","og_locale":"de_DE","og_type":"article","og_title":"Impressum - Ordination Dr. Hermine Reindl","og_url":"https:\/\/www.reindl-hh.at\/ordination\/impressum\/","og_site_name":"Ordination Dr. Hermine Reindl","article_modified_time":"2025-02-28T09:06:17+00:00","twitter_card":"summary_large_image","twitter_misc":{"Gesch\u00e4tzte Lesezeit":"10\u00a0Minuten"},"schema":{"@context":"https:\/\/schema.org","@graph":[{"@type":"WebPage","@id":"https:\/\/www.reindl-hh.at\/ordination\/impressum\/","url":"https:\/\/www.reindl-hh.at\/ordination\/impressum\/","name":"Impressum - Ordination Dr. Hermine Reindl","isPartOf":{"@id":"https:\/\/www.reindl-hh.at\/ordination\/#website"},"datePublished":"2019-11-21T07:48:33+00:00","dateModified":"2025-02-28T09:06:17+00:00","breadcrumb":{"@id":"https:\/\/www.reindl-hh.at\/ordination\/impressum\/#breadcrumb"},"inLanguage":"de","potentialAction":[{"@type":"ReadAction","target":["https:\/\/www.reindl-hh.at\/ordination\/impressum\/"]}]},{"@type":"BreadcrumbList","@id":"https:\/\/www.reindl-hh.at\/ordination\/impressum\/#breadcrumb","itemListElement":[{"@type":"ListItem","position":1,"name":"Startseite","item":"https:\/\/www.reindl-hh.at\/ordination\/"},{"@type":"ListItem","position":2,"name":"Impressum"}]},{"@type":"WebSite","@id":"https:\/\/www.reindl-hh.at\/ordination\/#website","url":"https:\/\/www.reindl-hh.at\/ordination\/","name":"Ordination Dr. Hermine Reindl","description":"Eine weitere WordPress-Website","publisher":{"@id":"https:\/\/www.reindl-hh.at\/ordination\/#organization"},"potentialAction":[{"@type":"SearchAction","target":{"@type":"EntryPoint","urlTemplate":"https:\/\/www.reindl-hh.at\/ordination\/?s={search_term_string}"},"query-input":{"@type":"PropertyValueSpecification","valueRequired":true,"valueName":"search_term_string"}}],"inLanguage":"de"},{"@type":"Organization","@id":"https:\/\/www.reindl-hh.at\/ordination\/#organization","name":"Ordination Dr. Reindl FA f\u00fcr Neurologie und Psychiatrie","url":"https:\/\/www.reindl-hh.at\/ordination\/","logo":{"@type":"ImageObject","inLanguage":"de","@id":"https:\/\/www.reindl-hh.at\/ordination\/#\/schema\/logo\/image\/","url":"https:\/\/www.reindl-hh.at\/ordination\/wp-content\/uploads\/2019\/09\/Logo-Ordination-Dr-Hermine-Reindl-Facharzt-f\u00fcr-Neurologie-und-Psychiatrie-Innsbruck-1.png","contentUrl":"https:\/\/www.reindl-hh.at\/ordination\/wp-content\/uploads\/2019\/09\/Logo-Ordination-Dr-Hermine-Reindl-Facharzt-f\u00fcr-Neurologie-und-Psychiatrie-Innsbruck-1.png","width":649,"height":100,"caption":"Ordination Dr. Reindl FA f\u00fcr Neurologie und Psychiatrie"},"image":{"@id":"https:\/\/www.reindl-hh.at\/ordination\/#\/schema\/logo\/image\/"}}]}},"_links":{"self":[{"href":"https:\/\/www.reindl-hh.at\/ordination\/wp-json\/wp\/v2\/pages\/942","targetHints":{"allow":["GET"]}}],"collection":[{"href":"https:\/\/www.reindl-hh.at\/ordination\/wp-json\/wp\/v2\/pages"}],"about":[{"href":"https:\/\/www.reindl-hh.at\/ordination\/wp-json\/wp\/v2\/types\/page"}],"author":[{"embeddable":true,"href":"https:\/\/www.reindl-hh.at\/ordination\/wp-json\/wp\/v2\/users\/3"}],"replies":[{"embeddable":true,"href":"https:\/\/www.reindl-hh.at\/ordination\/wp-json\/wp\/v2\/comments?post=942"}],"version-history":[{"count":2,"href":"https:\/\/www.reindl-hh.at\/ordination\/wp-json\/wp\/v2\/pages\/942\/revisions"}],"predecessor-version":[{"id":1321,"href":"https:\/\/www.reindl-hh.at\/ordination\/wp-json\/wp\/v2\/pages\/942\/revisions\/1321"}],"wp:attachment":[{"href":"https:\/\/www.reindl-hh.at\/ordination\/wp-json\/wp\/v2\/media?parent=942"}],"curies":[{"name":"wp","href":"https:\/\/api.w.org\/{rel}","templated":true}]}}